{"id":9281,"date":"2023-05-22T09:41:34","date_gmt":"2023-05-22T09:41:34","guid":{"rendered":"https:\/\/edv-n.com\/?page_id=9281"},"modified":"2026-01-14T13:13:08","modified_gmt":"2026-01-14T13:13:08","slug":"sicherheitscheck","status":"publish","type":"page","link":"https:\/\/edv-n.com\/de\/sicherheitscheck\/","title":{"rendered":"Sicherheitscheck"},"content":{"rendered":"\t\t<div data-elementor-type=\"wp-page\" data-elementor-id=\"9281\" class=\"elementor elementor-9281\">\n\t\t\t\t\t\t<section class=\"elementor-section elementor-top-section elementor-element elementor-element-75ac8dd9 elementor-section-full_width elementor-section-content-top elementor-section-height-min-height elementor-section-items-stretch elementor-section-height-default\" data-id=\"75ac8dd9\" data-element_type=\"section\" data-settings=\"{&quot;background_background&quot;:&quot;gradient&quot;}\">\n\t\t\t\t\t\t<div class=\"elementor-container elementor-column-gap-no\">\n\t\t\t\t\t<div class=\"elementor-column elementor-col-50 elementor-top-column elementor-element elementor-element-da3469d\" data-id=\"da3469d\" data-element_type=\"column\">\n\t\t\t<div class=\"elementor-widget-wrap elementor-element-populated\">\n\t\t\t\t\t\t<div class=\"elementor-element elementor-element-663c28a animated-slow elementor-widget__width-initial elementor-invisible elementor-widget elementor-widget-image\" data-id=\"663c28a\" data-element_type=\"widget\" data-settings=\"{&quot;_animation&quot;:&quot;fadeInDown&quot;,&quot;ultimate_floating_fx_translate_y&quot;:{&quot;unit&quot;:&quot;px&quot;,&quot;size&quot;:&quot;&quot;,&quot;sizes&quot;:[]}}\" data-widget_type=\"image.default\">\n\t\t\t\t<div class=\"elementor-widget-container\">\n\t\t\t\t\t\t\t\t\t\t\t\t\t\t\t<img fetchpriority=\"high\" decoding=\"async\" width=\"640\" height=\"629\" src=\"https:\/\/edv-n.com\/wp-content\/uploads\/2026\/01\/EDV-N_Kopf_Kreis_neu-768x755.png\" class=\"attachment-medium_large size-medium_large wp-image-11868\" alt=\"\" srcset=\"https:\/\/edv-n.com\/wp-content\/uploads\/2026\/01\/EDV-N_Kopf_Kreis_neu-768x755.png 768w, https:\/\/edv-n.com\/wp-content\/uploads\/2026\/01\/EDV-N_Kopf_Kreis_neu-300x295.png 300w, https:\/\/edv-n.com\/wp-content\/uploads\/2026\/01\/EDV-N_Kopf_Kreis_neu-1024x1006.png 1024w, https:\/\/edv-n.com\/wp-content\/uploads\/2026\/01\/EDV-N_Kopf_Kreis_neu-1536x1509.png 1536w, https:\/\/edv-n.com\/wp-content\/uploads\/2026\/01\/EDV-N_Kopf_Kreis_neu-2048x2012.png 2048w, https:\/\/edv-n.com\/wp-content\/uploads\/2026\/01\/EDV-N_Kopf_Kreis_neu-12x12.png 12w, https:\/\/edv-n.com\/wp-content\/uploads\/2026\/01\/EDV-N_Kopf_Kreis_neu-336x330.png 336w, https:\/\/edv-n.com\/wp-content\/uploads\/2026\/01\/EDV-N_Kopf_Kreis_neu-183x180.png 183w\" sizes=\"(max-width: 640px) 100vw, 640px\" \/>\t\t\t\t\t\t\t\t\t\t\t\t\t\t\t<\/div>\n\t\t\t\t<\/div>\n\t\t\t\t<div class=\"elementor-element elementor-element-ea0a60c elementor-widget__width-initial elementor-widget-tablet__width-initial elementor-invisible elementor-widget elementor-widget-counter\" data-id=\"ea0a60c\" data-element_type=\"widget\" data-settings=\"{&quot;_animation&quot;:&quot;fadeInDown&quot;,&quot;ultimate_floating_fx_translate_y&quot;:{&quot;unit&quot;:&quot;px&quot;,&quot;size&quot;:&quot;&quot;,&quot;sizes&quot;:[]}}\" data-widget_type=\"counter.default\">\n\t\t\t\t<div class=\"elementor-widget-container\">\n\t\t\t\t\t        <div class=\"single__counter\">\r\n\t\t\t<div class=\"counter__icon\"><img decoding=\"async\" width=\"455\" height=\"456\" src=\"https:\/\/edv-n.com\/wp-content\/uploads\/2026\/01\/Button_seit_1999_kl.png\" class=\"attachment-full size-full wp-image-11872\" alt=\"\" srcset=\"https:\/\/edv-n.com\/wp-content\/uploads\/2026\/01\/Button_seit_1999_kl.png 455w, https:\/\/edv-n.com\/wp-content\/uploads\/2026\/01\/Button_seit_1999_kl-300x300.png 300w, https:\/\/edv-n.com\/wp-content\/uploads\/2026\/01\/Button_seit_1999_kl-150x150.png 150w, https:\/\/edv-n.com\/wp-content\/uploads\/2026\/01\/Button_seit_1999_kl-12x12.png 12w, https:\/\/edv-n.com\/wp-content\/uploads\/2026\/01\/Button_seit_1999_kl-329x330.png 329w, https:\/\/edv-n.com\/wp-content\/uploads\/2026\/01\/Button_seit_1999_kl-180x180.png 180w, https:\/\/edv-n.com\/wp-content\/uploads\/2026\/01\/Button_seit_1999_kl-400x400.png 400w\" sizes=\"(max-width: 455px) 100vw, 455px\" \/><\/div>            <h3 class=\"counter__number__wrapper\">\r\n                <span class=\"counter__number__prefix\"><\/span>\r\n                <span class=\"elementor-counter-number\" data-duration=\"2000\" data-to-value=\"26\">0<\/span>\r\n                <span class=\"counter__number__suffix\">Jahre<\/span>\r\n            <\/h3>\r\n                        \t<div class=\"counter__title\">Managed Security Services<\/div>\r\n                    <\/div>\r\n\t\t\t\t\t<\/div>\n\t\t\t\t<\/div>\n\t\t\t\t\t<\/div>\n\t\t<\/div>\n\t\t\t\t<div class=\"elementor-column elementor-col-50 elementor-top-column elementor-element elementor-element-a6c2284\" data-id=\"a6c2284\" data-element_type=\"column\">\n\t\t\t<div class=\"elementor-widget-wrap elementor-element-populated\">\n\t\t\t\t\t\t<div class=\"elementor-element elementor-element-12f8f13 elementor-widget elementor-widget-spacer\" data-id=\"12f8f13\" data-element_type=\"widget\" data-settings=\"{&quot;ultimate_floating_fx_translate_y&quot;:{&quot;unit&quot;:&quot;px&quot;,&quot;size&quot;:&quot;&quot;,&quot;sizes&quot;:[]}}\" data-widget_type=\"spacer.default\">\n\t\t\t\t<div class=\"elementor-widget-container\">\n\t\t\t\t\t\t\t<div class=\"elementor-spacer\">\n\t\t\t<div class=\"elementor-spacer-inner\"><\/div>\n\t\t<\/div>\n\t\t\t\t\t\t<\/div>\n\t\t\t\t<\/div>\n\t\t\t\t<div class=\"elementor-element elementor-element-48903f35 animated-slow elementor-widget-tablet__width-initial elementor-widget-widescreen__width-initial elementor-invisible elementor-widget elementor-widget-UltimateAreaTitle\" data-id=\"48903f35\" data-element_type=\"widget\" data-settings=\"{&quot;_animation&quot;:&quot;fadeIn&quot;,&quot;ultimate_floating_fx_translate_y&quot;:{&quot;unit&quot;:&quot;px&quot;,&quot;size&quot;:&quot;&quot;,&quot;sizes&quot;:[]}}\" data-widget_type=\"UltimateAreaTitle.default\">\n\t\t\t\t<div class=\"elementor-widget-container\">\n\t\t\t\t\t<div class=\"area__content\">\t\t\t\r\n\t\t\t\t\r\n\t\t\t\t<div class=\"area__title\"><h1 style=\"text-align: left;\">SICHERHEITSCHECK<\/h1>\n<\/div>\r\n\t\t\t\t<div class=\"area__description\"><h2 style=\"text-align: left;\"><span class=\"elementor-icon-list-text\" style=\"color: #379c74;\">LEISTUNGSUMFANG<\/span><\/h2>\n<\/div>\r\n\t\t\t\t<\/div>\t\t\t\t<\/div>\n\t\t\t\t<\/div>\n\t\t\t\t<div class=\"elementor-element elementor-element-3ac2913 elementor-widget elementor-widget-spacer\" data-id=\"3ac2913\" data-element_type=\"widget\" data-settings=\"{&quot;ultimate_floating_fx_translate_y&quot;:{&quot;unit&quot;:&quot;px&quot;,&quot;size&quot;:&quot;&quot;,&quot;sizes&quot;:[]}}\" data-widget_type=\"spacer.default\">\n\t\t\t\t<div class=\"elementor-widget-container\">\n\t\t\t\t\t\t\t<div class=\"elementor-spacer\">\n\t\t\t<div class=\"elementor-spacer-inner\"><\/div>\n\t\t<\/div>\n\t\t\t\t\t\t<\/div>\n\t\t\t\t<\/div>\n\t\t\t\t<div class=\"elementor-element elementor-element-703cd35 elementor-widget__width-initial animated-slow elementor-align-left elementor-list-item-link-full_width elementor-invisible elementor-widget elementor-widget-icon-list\" data-id=\"703cd35\" data-element_type=\"widget\" data-settings=\"{&quot;_animation&quot;:&quot;fadeIn&quot;,&quot;ultimate_floating_fx_translate_y&quot;:{&quot;unit&quot;:&quot;px&quot;,&quot;size&quot;:&quot;&quot;,&quot;sizes&quot;:[]}}\" data-widget_type=\"icon-list.default\">\n\t\t\t\t<div class=\"elementor-widget-container\">\n\t\t\t\t\t\t\t<ul class=\"elementor-icon-list-items\">\n\t\t\t\t\t\t\t<li class=\"elementor-icon-list-item\">\n\t\t\t\t\t\t\t\t\t\t\t<span class=\"elementor-icon-list-icon\">\n\t\t\t\t\t\t\t<i aria-hidden=\"true\" class=\"fas fa-check\"><\/i>\t\t\t\t\t\t<\/span>\n\t\t\t\t\t\t\t\t\t\t<span class=\"elementor-icon-list-text\">\u00dcberpr\u00fcfung der existierenden Berechtigungsstrukturen<\/span>\n\t\t\t\t\t\t\t\t\t<\/li>\n\t\t\t\t\t\t\t\t<li class=\"elementor-icon-list-item\">\n\t\t\t\t\t\t\t\t\t\t\t<span class=\"elementor-icon-list-icon\">\n\t\t\t\t\t\t\t<i aria-hidden=\"true\" class=\"fas fa-check\"><\/i>\t\t\t\t\t\t<\/span>\n\t\t\t\t\t\t\t\t\t\t<span class=\"elementor-icon-list-text\">Check der eingesetzten Sicherheitsmechanismen<\/span>\n\t\t\t\t\t\t\t\t\t<\/li>\n\t\t\t\t\t\t\t\t<li class=\"elementor-icon-list-item\">\n\t\t\t\t\t\t\t\t\t\t\t<span class=\"elementor-icon-list-icon\">\n\t\t\t\t\t\t\t<i aria-hidden=\"true\" class=\"fas fa-check\"><\/i>\t\t\t\t\t\t<\/span>\n\t\t\t\t\t\t\t\t\t\t<span class=\"elementor-icon-list-text\">Systemaktualit\u00e4tspr\u00fcfung, EOL Check<\/span>\n\t\t\t\t\t\t\t\t\t<\/li>\n\t\t\t\t\t\t\t\t<li class=\"elementor-icon-list-item\">\n\t\t\t\t\t\t\t\t\t\t\t<span class=\"elementor-icon-list-icon\">\n\t\t\t\t\t\t\t<i aria-hidden=\"true\" class=\"fas fa-check\"><\/i>\t\t\t\t\t\t<\/span>\n\t\t\t\t\t\t\t\t\t\t<span class=\"elementor-icon-list-text\">Backupstrategien, Vollst\u00e4ndigkeit<\/span>\n\t\t\t\t\t\t\t\t\t<\/li>\n\t\t\t\t\t\t\t\t<li class=\"elementor-icon-list-item\">\n\t\t\t\t\t\t\t\t\t\t\t<span class=\"elementor-icon-list-icon\">\n\t\t\t\t\t\t\t<i aria-hidden=\"true\" class=\"fas fa-check\"><\/i>\t\t\t\t\t\t<\/span>\n\t\t\t\t\t\t\t\t\t\t<span class=\"elementor-icon-list-text\">Speicherung von LogFiles zur IOA Erkennung<\/span>\n\t\t\t\t\t\t\t\t\t<\/li>\n\t\t\t\t\t\t\t\t<li class=\"elementor-icon-list-item\">\n\t\t\t\t\t\t\t\t\t\t\t<span class=\"elementor-icon-list-icon\">\n\t\t\t\t\t\t\t<i aria-hidden=\"true\" class=\"fas fa-check\"><\/i>\t\t\t\t\t\t<\/span>\n\t\t\t\t\t\t\t\t\t\t<span class=\"elementor-icon-list-text\">Netzwerkaufbau (eingesetzte HW\/SW)<\/span>\n\t\t\t\t\t\t\t\t\t<\/li>\n\t\t\t\t\t\t\t\t<li class=\"elementor-icon-list-item\">\n\t\t\t\t\t\t\t\t\t\t\t<span class=\"elementor-icon-list-icon\">\n\t\t\t\t\t\t\t<i aria-hidden=\"true\" class=\"fas fa-check\"><\/i>\t\t\t\t\t\t<\/span>\n\t\t\t\t\t\t\t\t\t\t<span class=\"elementor-icon-list-text\">IT-Systemanalyse<\/span>\n\t\t\t\t\t\t\t\t\t<\/li>\n\t\t\t\t\t\t\t\t<li class=\"elementor-icon-list-item\">\n\t\t\t\t\t\t\t\t\t\t\t<span class=\"elementor-icon-list-icon\">\n\t\t\t\t\t\t\t<i aria-hidden=\"true\" class=\"fas fa-check\"><\/i>\t\t\t\t\t\t<\/span>\n\t\t\t\t\t\t\t\t\t\t<span class=\"elementor-icon-list-text\">Typische Schwachstellen\u00fcberpr\u00fcfung (Zugriffe und Default-Einstellungen)<\/span>\n\t\t\t\t\t\t\t\t\t<\/li>\n\t\t\t\t\t\t\t\t<li class=\"elementor-icon-list-item\">\n\t\t\t\t\t\t\t\t\t\t\t<span class=\"elementor-icon-list-icon\">\n\t\t\t\t\t\t\t<i aria-hidden=\"true\" class=\"fas fa-check\"><\/i>\t\t\t\t\t\t<\/span>\n\t\t\t\t\t\t\t\t\t\t<span class=\"elementor-icon-list-text\">Fernzugriffscheck<\/span>\n\t\t\t\t\t\t\t\t\t<\/li>\n\t\t\t\t\t\t\t\t<li class=\"elementor-icon-list-item\">\n\t\t\t\t\t\t\t\t\t\t\t<span class=\"elementor-icon-list-icon\">\n\t\t\t\t\t\t\t<i aria-hidden=\"true\" class=\"fas fa-check\"><\/i>\t\t\t\t\t\t<\/span>\n\t\t\t\t\t\t\t\t\t\t<span class=\"elementor-icon-list-text\">Dokumentationscheck<\/span>\n\t\t\t\t\t\t\t\t\t<\/li>\n\t\t\t\t\t\t<\/ul>\n\t\t\t\t\t\t<\/div>\n\t\t\t\t<\/div>\n\t\t\t\t\t<\/div>\n\t\t<\/div>\n\t\t\t\t\t<\/div>\n\t\t<\/section>\n\t\t\t\t<section class=\"elementor-section elementor-top-section elementor-element elementor-element-a84062c elementor-section-boxed elementor-section-height-default elementor-section-height-default\" data-id=\"a84062c\" data-element_type=\"section\">\n\t\t\t\t\t\t<div class=\"elementor-container elementor-column-gap-default\">\n\t\t\t\t\t<div class=\"elementor-column elementor-col-100 elementor-top-column elementor-element elementor-element-a9c3b89\" data-id=\"a9c3b89\" data-element_type=\"column\">\n\t\t\t<div class=\"elementor-widget-wrap elementor-element-populated\">\n\t\t\t\t\t\t<div class=\"elementor-element elementor-element-aa12559 elementor-widget elementor-widget-spacer\" data-id=\"aa12559\" data-element_type=\"widget\" data-settings=\"{&quot;ultimate_floating_fx_translate_y&quot;:{&quot;unit&quot;:&quot;px&quot;,&quot;size&quot;:&quot;&quot;,&quot;sizes&quot;:[]}}\" data-widget_type=\"spacer.default\">\n\t\t\t\t<div class=\"elementor-widget-container\">\n\t\t\t\t\t\t\t<div class=\"elementor-spacer\">\n\t\t\t<div class=\"elementor-spacer-inner\"><\/div>\n\t\t<\/div>\n\t\t\t\t\t\t<\/div>\n\t\t\t\t<\/div>\n\t\t\t\t<div class=\"elementor-element elementor-element-95b9434 elementor-widget__width-initial animated-slow elementor-invisible elementor-widget elementor-widget-UltimateAreaTitle\" data-id=\"95b9434\" data-element_type=\"widget\" data-settings=\"{&quot;_animation&quot;:&quot;fadeIn&quot;,&quot;ultimate_floating_fx_translate_y&quot;:{&quot;unit&quot;:&quot;px&quot;,&quot;size&quot;:&quot;&quot;,&quot;sizes&quot;:[]}}\" data-widget_type=\"UltimateAreaTitle.default\">\n\t\t\t\t<div class=\"elementor-widget-container\">\n\t\t\t\t\t<div class=\"area__content\">\t\t\t\r\n\t\t\t\t\r\n\t\t\t\t\r\n\t\t\t\t<div class=\"area__description\"><h2>Kontaktieren Sie uns f\u00fcr Ihren individuellen Sicherheitscheck!<\/h2>\n<\/div>\r\n\t\t\t\t<\/div>\t\t\t\t<\/div>\n\t\t\t\t<\/div>\n\t\t\t\t\t<\/div>\n\t\t<\/div>\n\t\t\t\t\t<\/div>\n\t\t<\/section>\n\t\t\t\t<section class=\"elementor-section elementor-top-section elementor-element elementor-element-fa7ad34 elementor-section-boxed elementor-section-height-default elementor-section-height-default\" data-id=\"fa7ad34\" data-element_type=\"section\" data-settings=\"{&quot;background_background&quot;:&quot;gradient&quot;}\">\n\t\t\t\t\t\t<div class=\"elementor-container elementor-column-gap-default\">\n\t\t\t\t\t<div class=\"elementor-column elementor-col-100 elementor-top-column elementor-element elementor-element-30f4f4b\" data-id=\"30f4f4b\" data-element_type=\"column\">\n\t\t\t<div class=\"elementor-widget-wrap elementor-element-populated\">\n\t\t\t\t\t\t<div class=\"elementor-element elementor-element-d5ea973 elementor-widget elementor-widget-Ultimate_Contact_Form_Seven_Widget\" data-id=\"d5ea973\" data-element_type=\"widget\" data-settings=\"{&quot;ultimate_floating_fx_translate_y&quot;:{&quot;unit&quot;:&quot;px&quot;,&quot;size&quot;:&quot;&quot;,&quot;sizes&quot;:[]}}\" data-widget_type=\"Ultimate_Contact_Form_Seven_Widget.default\">\n\t\t\t\t<div class=\"elementor-widget-container\">\n\t\t\t\t\t            <div class=\"ultimate__form__wrapper contact__form__style__1\" >\r\n                \n<div class=\"wpcf7 no-js\" id=\"wpcf7-f507-o1\" lang=\"en-US\" dir=\"ltr\" data-wpcf7-id=\"507\">\n<div class=\"screen-reader-response\"><p role=\"status\" aria-live=\"polite\" aria-atomic=\"true\"><\/p> <ul><\/ul><\/div>\n<form action=\"\/de\/wp-json\/wp\/v2\/pages\/9281#wpcf7-f507-o1\" method=\"post\" class=\"wpcf7-form init\" aria-label=\"Contact form\" novalidate=\"novalidate\" data-status=\"init\">\n<fieldset class=\"hidden-fields-container\"><input type=\"hidden\" name=\"_wpcf7\" value=\"507\" \/><input type=\"hidden\" name=\"_wpcf7_version\" value=\"6.1.5\" \/><input type=\"hidden\" name=\"_wpcf7_locale\" value=\"en_US\" \/><input type=\"hidden\" name=\"_wpcf7_unit_tag\" value=\"wpcf7-f507-o1\" \/><input type=\"hidden\" name=\"_wpcf7_container_post\" value=\"0\" \/><input type=\"hidden\" name=\"_wpcf7_posted_data_hash\" value=\"\" \/>\n<\/fieldset>\n<div class=\"row\">\n        <div class=\"col-md-6\">\n            <input size=\"40\" maxlength=\"400\" class=\"wpcf7-form-control wpcf7-text wpcf7-validates-as-required\" aria-required=\"true\" aria-invalid=\"false\" placeholder=\"Firma\" value=\"\" type=\"text\" name=\"textarea\" \/>\n        <\/div>\n        <div class=\"col-md-6\">\n            <input size=\"40\" maxlength=\"400\" class=\"wpcf7-form-control wpcf7-text wpcf7-validates-as-required\" aria-required=\"true\" aria-invalid=\"false\" placeholder=\"Funktion\" value=\"\" type=\"text\" name=\"textarea\" \/>\n        <\/div>\n        <div class=\"col-md-6\">\n            <input size=\"40\" maxlength=\"400\" class=\"wpcf7-form-control wpcf7-text wpcf7-validates-as-required\" aria-required=\"true\" aria-invalid=\"false\" placeholder=\"Vorname\" value=\"\" type=\"text\" name=\"f_name\" \/>\n        <\/div>\n        <div class=\"col-md-6\">\n            <input size=\"40\" maxlength=\"400\" class=\"wpcf7-form-control wpcf7-text wpcf7-validates-as-required\" aria-required=\"true\" aria-invalid=\"false\" placeholder=\"Nachname\" value=\"\" type=\"text\" name=\"l_name\" \/>\n        <\/div>\n        <div class=\"col-md-6\">\n            <input size=\"40\" maxlength=\"400\" class=\"wpcf7-form-control wpcf7-email wpcf7-validates-as-required wpcf7-text wpcf7-validates-as-email\" aria-required=\"true\" aria-invalid=\"false\" placeholder=\"Email-Adresse\" value=\"\" type=\"email\" name=\"your_email\" \/>\n        <\/div>\n        <div class=\"col-md-6\">\n            <input size=\"40\" maxlength=\"400\" class=\"wpcf7-form-control wpcf7-tel wpcf7-validates-as-required wpcf7-text wpcf7-validates-as-tel\" aria-required=\"true\" aria-invalid=\"false\" placeholder=\"Telefonnummer\" value=\"\" type=\"tel\" name=\"your_tel\" \/>\n        <\/div>\n        <div class=\"col-md-12\">\n            <input class=\"wpcf7-form-control wpcf7-submit has-spinner\" type=\"submit\" value=\"Kontaktdaten senden\" \/>\n        <\/div>\n    <\/div><div class=\"wpcf7-response-output\" aria-hidden=\"true\"><\/div>\n<\/form>\n<\/div>\n            <\/div>\r\n        \t\t\t\t<\/div>\n\t\t\t\t<\/div>\n\t\t\t\t\t<\/div>\n\t\t<\/div>\n\t\t\t\t\t<\/div>\n\t\t<\/section>\n\t\t\t\t<section class=\"elementor-section elementor-top-section elementor-element elementor-element-c08ac69 elementor-section-boxed elementor-section-height-default elementor-section-height-default\" data-id=\"c08ac69\" data-element_type=\"section\">\n\t\t\t\t\t\t<div class=\"elementor-container elementor-column-gap-default\">\n\t\t\t\t\t<div class=\"elementor-column elementor-col-100 elementor-top-column elementor-element elementor-element-1d1e454\" data-id=\"1d1e454\" data-element_type=\"column\">\n\t\t\t<div class=\"elementor-widget-wrap elementor-element-populated\">\n\t\t\t\t\t\t<div class=\"elementor-element elementor-element-e458cff elementor-widget elementor-widget-spacer\" data-id=\"e458cff\" data-element_type=\"widget\" data-settings=\"{&quot;ultimate_floating_fx_translate_y&quot;:{&quot;unit&quot;:&quot;px&quot;,&quot;size&quot;:&quot;&quot;,&quot;sizes&quot;:[]}}\" data-widget_type=\"spacer.default\">\n\t\t\t\t<div class=\"elementor-widget-container\">\n\t\t\t\t\t\t\t<div class=\"elementor-spacer\">\n\t\t\t<div class=\"elementor-spacer-inner\"><\/div>\n\t\t<\/div>\n\t\t\t\t\t\t<\/div>\n\t\t\t\t<\/div>\n\t\t\t\t\t<\/div>\n\t\t<\/div>\n\t\t\t\t\t<\/div>\n\t\t<\/section>\n\t\t\t\t<\/div>\n\t\t","protected":false},"excerpt":{"rendered":"<p>0 Jahre Managed Security Services SICHERHEITSCHECK LEISTUNGSUMFANG \u00dcberpr\u00fcfung der existierenden Berechtigungsstrukturen Check der eingesetzten Sicherheitsmechanismen Systemaktualit\u00e4tspr\u00fcfung, EOL Check Backupstrategien, Vollst\u00e4ndigkeit [&hellip;]<\/p>\n","protected":false},"author":1,"featured_media":0,"parent":0,"menu_order":0,"comment_status":"closed","ping_status":"closed","template":"template\/composer.php","meta":{"footnotes":""},"class_list":["post-9281","page","type-page","status-publish","hentry","no-post-thumbnail"],"_links":{"self":[{"href":"https:\/\/edv-n.com\/de\/wp-json\/wp\/v2\/pages\/9281","targetHints":{"allow":["GET"]}}],"collection":[{"href":"https:\/\/edv-n.com\/de\/wp-json\/wp\/v2\/pages"}],"about":[{"href":"https:\/\/edv-n.com\/de\/wp-json\/wp\/v2\/types\/page"}],"author":[{"embeddable":true,"href":"https:\/\/edv-n.com\/de\/wp-json\/wp\/v2\/users\/1"}],"replies":[{"embeddable":true,"href":"https:\/\/edv-n.com\/de\/wp-json\/wp\/v2\/comments?post=9281"}],"version-history":[{"count":310,"href":"https:\/\/edv-n.com\/de\/wp-json\/wp\/v2\/pages\/9281\/revisions"}],"predecessor-version":[{"id":11882,"href":"https:\/\/edv-n.com\/de\/wp-json\/wp\/v2\/pages\/9281\/revisions\/11882"}],"wp:attachment":[{"href":"https:\/\/edv-n.com\/de\/wp-json\/wp\/v2\/media?parent=9281"}],"curies":[{"name":"wp","href":"https:\/\/api.w.org\/{rel}","templated":true}]}}